{"id":15250,"date":"2015-05-14T15:04:43","date_gmt":"2015-05-14T15:04:43","guid":{"rendered":"http:\/\/demo.qodeinteractive.com\/bridge115\/?page_id=15250"},"modified":"2022-04-27T18:32:32","modified_gmt":"2022-04-27T18:32:32","slug":"equipo-de-proteccion-personal","status":"publish","type":"page","link":"https:\/\/techno-supply.com.mx\/","title":{"rendered":"Inicio"},"content":{"rendered":"<p>[vc_row css_animation=&#8221;&#8221; row_type=&#8221;row&#8221; use_row_as_full_screen_section=&#8221;no&#8221; type=&#8221;grid&#8221; angled_section=&#8221;no&#8221; text_align=&#8221;left&#8221; background_image_as_pattern=&#8221;without_pattern&#8221; padding_top=&#8221;95&#8243; padding_bottom=&#8221;70&#8243; z_index=&#8221;&#8221; anchor=&#8221;nosotros&#8221;][vc_column width=&#8221;1\/2&#8243;]<div class=\"qode-crossfade-images\" >\n\t\t<div class=\"qode-cfi-img-holder\" \n\t\t\tstyle=\"\tmax-height:1080px;\n\t\t\t\t\tbackground-color: ;\n\t\t\t\">\n\t\t<div class=\"qode-cfi-img-holder-inner\">\n\t\t\t<img src=\"https:\/\/techno-supply.com.mx\/wp-content\/uploads\/2021\/08\/Disen\u0303o-sin-ti\u0301tulo-3.png\" alt=\"initial image\" \/>\n\t\t\t<div class=\"qodef-cfi-image-hover qode-lazy-image\" data-image=\"https:\/\/techno-supply.com.mx\/wp-content\/uploads\/2015\/05\/team3.jpg\" data-lazy='true'><\/div>\n\t\t<\/div>\n\t<\/div>\n\t<\/div>[\/vc_column][vc_column width=&#8221;1\/2&#8243;][vc_separator type=&#8221;transparent&#8221; up=&#8221;30&#8243; down=&#8221;0&#8243;][vc_column_text]<\/p>\n<h3><strong>ACERCA DE NOSOTROS&#8230;<\/strong><\/h3>\n<p>[\/vc_column_text][vc_separator type=&#8221;transparent&#8221; up=&#8221;30&#8243; down=&#8221;0&#8243;][vc_column_text]<span style=\"font-weight: 400;\">Somos una empresa especializada en el suministro de Insumos y Herramientas para los diferentes Sectores: Industrial, Comercial y Residencial.<br \/>\n<\/span><\/p>\n<p>Contamos con diferentes l\u00edneas de comercializaci\u00f3n:[\/vc_column_text][vc_separator type=&#8221;transparent&#8221; up=&#8221;30&#8243; down=&#8221;0&#8243;][vc_row_inner row_type=&#8221;row&#8221; type=&#8221;full_width&#8221; text_align=&#8221;left&#8221; css_animation=&#8221;&#8221;][vc_column_inner width=&#8221;1\/2&#8243;][vc_separator type=&#8221;transparent&#8221; up=&#8221;30&#8243; down=&#8221;0&#8243;][vc_column_text]<b><span data-type=\"normal\"  class=\"qode_icon_shortcode  q_font_awsome_icon fa-lg  q_icon_animation\" style=\" \"><i class=\"qode_icon_font_awesome fa fa-shield qode_icon_element\" style=\"color: #858585;\" ><\/i><\/span>\u00a0 Equipo de Protecci\u00f3n Personal<\/b><\/p>\n<ul>\n<li><span style=\"font-weight: 400;\">Equipo de Protecci\u00f3n Personal<\/span><\/li>\n<li><span style=\"font-weight: 400;\">Equipo de Seguridad Industrial<\/span><\/li>\n<li><span style=\"font-weight: 400;\">Se\u00f1alizaci\u00f3n de \u00e1reas<\/span><\/li>\n<\/ul>\n<p><b><br \/>\n<span data-type=\"normal\"  class=\"qode_icon_shortcode  q_font_awsome_icon fa-lg  q_icon_animation\" style=\" \"><i class=\"qode_icon_font_awesome fa fa-stethoscope qode_icon_element\" style=\"color: #858585;\" ><\/i><\/span>\u00a0 Equipo desechable e Insumos M\u00e9dicos<\/b><\/p>\n<ul>\n<li><span style=\"font-weight: 400;\">Insumos para la Industria M\u00e9dica y Farmac\u00e9utica<\/span><\/li>\n<\/ul>\n<p>[\/vc_column_text][\/vc_column_inner][vc_column_inner width=&#8221;1\/2&#8243;][vc_separator type=&#8221;transparent&#8221; up=&#8221;30&#8243; down=&#8221;0&#8243;][vc_column_text]<b><span data-type=\"normal\"  class=\"qode_icon_shortcode  q_font_awsome_icon fa-lg  q_icon_animation\" style=\" \"><i class=\"qode_icon_font_awesome fa fa-wrench qode_icon_element\" style=\"color: #858585;\" ><\/i><\/span>\u00a0 Herramientas e Iluminaci\u00f3n<\/b><\/p>\n<ul>\n<li>Ferreter\u00eda<\/li>\n<li>Material El\u00e9ctrico<\/li>\n<li>Iluminaci\u00f3n Interior &amp; Exterior<\/li>\n<li>Instalaciones El\u00e9ctricas<\/li>\n<\/ul>\n<p>&nbsp;<\/p>\n<p><strong><span data-type=\"normal\"  class=\"qode_icon_shortcode  q_font_awsome_icon fa-lg  q_icon_animation\" style=\" \"><i class=\"qode_icon_font_awesome fa fa-plus qode_icon_element\" style=\"color: #858585;\" ><\/i><\/span>\u00a0 Otros<\/strong><\/p>\n<ul>\n<li>Jarcer\u00eda y Productos de Limpieza<\/li>\n<li>Productos para Empaque<\/li>\n<\/ul>\n<p>[\/vc_column_text][\/vc_column_inner][\/vc_row_inner][\/vc_column][\/vc_row][vc_row css_animation=&#8221;&#8221; row_type=&#8221;row&#8221; use_row_as_full_screen_section=&#8221;no&#8221; type=&#8221;grid&#8221; angled_section=&#8221;no&#8221; text_align=&#8221;center&#8221; background_image_as_pattern=&#8221;without_pattern&#8221; background_color=&#8221;#f9f9f9&#8243; padding_top=&#8221;140&#8243; padding_bottom=&#8221;70&#8243; anchor=&#8221;servicios&#8221; z_index=&#8221;&#8221;][vc_column offset=&#8221;vc_col-lg-offset-3 vc_col-lg-6&#8243;][vc_column_text]<\/p>\n<h2 style=\"text-align: center;\"><span style=\"color: #001f47;\">TECHNO SUPPLY GO!<\/span><\/h2>\n<p>[\/vc_column_text][vc_separator type=&#8221;transparent&#8221;][vc_column_text]<\/p>\n<h4><span style=\"font-weight: 400;\">Nuestro personal cuenta con el conocimiento y la experiencia necesaria para apoyar en la toma de decisiones, as\u00ed como <\/span><span style=\"font-weight: 400;\">satisfacer de manera integral y profesional altas exigencias y expectativas.<\/span><\/h4>\n<p>[\/vc_column_text][\/vc_column][\/vc_row][vc_row css_animation=&#8221;&#8221; row_type=&#8221;row&#8221; use_row_as_full_screen_section=&#8221;no&#8221; type=&#8221;grid&#8221; angled_section=&#8221;no&#8221; text_align=&#8221;left&#8221; background_image_as_pattern=&#8221;without_pattern&#8221; padding_bottom=&#8221;55&#8243; background_color=&#8221;#f9f9f9&#8243; z_index=&#8221;&#8221;][vc_column width=&#8221;1\/4&#8243;]<div class='q_icon_with_title very_large circle center '><div class=\"icon_holder q_icon_animation\" style=\" \"><span data-icon-type=\"circle\" data-icon-hover-color=\"#ffffff\"  class=\"qode_iwt_icon_holder fa-stack fa-5x  \" style=\"border-color: #ec6608;\"><i class=\"qode_icon_font_awesome fa fa-handshake-o qode_iwt_icon_element\" style=\"color: #ec6608;\" ><\/i><\/span><\/div><div class=\"icon_text_holder\" style=\"\"><div class=\"icon_text_inner\" style=\"\"><h4 class=\"icon_title\" style=\"color: #001f47;font-weight: 700;\">SERVICIO<\/h4><p style=''>Nuestra prioridad es la satisfacci\u00f3n de nuestros clientes.<\/p><\/div><\/div><\/div>[vc_separator type=&#8221;transparent&#8221; up=&#8221;30&#8243; down=&#8221;0&#8243;][\/vc_column][vc_column width=&#8221;1\/4&#8243;]<div class='q_icon_with_title very_large circle center '><div class=\"icon_holder q_icon_animation\" style=\" \"><span data-icon-type=\"circle\" data-icon-hover-color=\"#ffffff\"  class=\"qode_iwt_icon_holder fa-stack fa-5x  \" style=\"border-color: #ec6608;\"><i class=\"qode_icon_font_awesome fa fa-check qode_iwt_icon_element\" style=\"color: #ec6608;\" ><\/i><\/span><\/div><div class=\"icon_text_holder\" style=\"\"><div class=\"icon_text_inner\" style=\"\"><h4 class=\"icon_title\" style=\"color: #001f47;font-weight: 700;\">CALIDAD<\/h4><p style=''>Somos representantes de las mejores marcas a nivel mundial.<\/p><\/div><\/div><\/div>[vc_separator type=&#8221;transparent&#8221; up=&#8221;30&#8243; down=&#8221;0&#8243;][\/vc_column][vc_column width=&#8221;1\/4&#8243;]<div class='q_icon_with_title very_large circle center '><div class=\"icon_holder q_icon_animation\" style=\" \"><span data-icon-type=\"circle\" data-icon-hover-color=\"#ffffff\"  class=\"qode_iwt_icon_holder fa-stack fa-5x  \" style=\"border-color: #ec6608;\"><i class=\"qode_icon_font_awesome_5 fa5 fa fa-hand-holding-usd qode_iwt_icon_element\" style=\"color: #ec6608;\" ><\/i><\/span><\/div><div class=\"icon_text_holder\" style=\"\"><div class=\"icon_text_inner\" style=\"\"><h4 class=\"icon_title\" style=\"color: #001f47;font-weight: 700;\">PRECIO<\/h4><p style=''>Nos adaptamos a sus necesidades y le ofrecemos la mejor relaci\u00f3n precio-calidad.<\/p><\/div><\/div><\/div>[vc_separator type=&#8221;transparent&#8221; up=&#8221;30&#8243; down=&#8221;0&#8243;][\/vc_column][vc_column width=&#8221;1\/4&#8243;]<div class='q_icon_with_title very_large circle center '><div class=\"icon_holder q_icon_animation\" style=\" \"><span data-icon-type=\"circle\" data-icon-hover-color=\"#ffffff\"  class=\"qode_iwt_icon_holder fa-stack fa-5x  \" style=\"border-color: #ec6608;\"><i class=\"qode_icon_font_awesome_5 fa5 fa fa-laugh-wink qode_iwt_icon_element\" style=\"color: #ec6608;\" ><\/i><\/span><\/div><div class=\"icon_text_holder\" style=\"\"><div class=\"icon_text_inner\" style=\"\"><h4 class=\"icon_title\" style=\"color: #001f47;font-weight: 700;\">NO TENEMOS L\u00cdMITES<\/h4><p style=''>Si bien, tenemos un perfil definido...no nos limitamos y podemos ayudarle a surtir cualquier tipo de producto.<\/p><\/div><\/div><\/div>[vc_separator type=&#8221;transparent&#8221; up=&#8221;30&#8243; down=&#8221;0&#8243;][\/vc_column][\/vc_row][vc_row css_animation=&#8221;&#8221; row_type=&#8221;row&#8221; use_row_as_full_screen_section=&#8221;no&#8221; type=&#8221;grid&#8221; angled_section=&#8221;no&#8221; text_align=&#8221;center&#8221; background_image_as_pattern=&#8221;without_pattern&#8221; background_color=&#8221;#f9f9f9&#8243; padding_top=&#8221;90&#8243; anchor=&#8221;projects&#8221; z_index=&#8221;&#8221; css=&#8221;.vc_custom_1634344211630{background-color: #001f47 !important;}&#8221;][vc_column][vc_column_text]<\/p>\n<h3><span style=\"color: #ffffff;\">nuestras marcas<\/span><\/h3>\n<p>[\/vc_column_text]<div class='qode_carousels_holder clearfix'><div class='qode_carousels' data-number-of-visible-items=''><ul class='slides'><li class='item'><div class=\"carousel_item_holder\"><span class='first_image_holder '><img itemprop=\"image\" src=\"https:\/\/techno-supply.com.mx\/wp-content\/uploads\/2021\/09\/Sin-ti\u0301tulo-2.png\" alt=\"carousel image\" \/><\/span><\/div><\/li><li class='item'><div class=\"carousel_item_holder\"><span class='first_image_holder '><img itemprop=\"image\" src=\"https:\/\/techno-supply.com.mx\/wp-content\/uploads\/2021\/09\/Sin-ti\u0301tulo-4.png\" alt=\"carousel image\" \/><\/span><\/div><\/li><li class='item'><div class=\"carousel_item_holder\"><span class='first_image_holder '><img itemprop=\"image\" src=\"https:\/\/techno-supply.com.mx\/wp-content\/uploads\/2021\/09\/Sin-ti\u0301tulo-3.png\" alt=\"carousel image\" \/><\/span><\/div><\/li><li class='item'><div class=\"carousel_item_holder\"><span class='first_image_holder '><img itemprop=\"image\" src=\"https:\/\/techno-supply.com.mx\/wp-content\/uploads\/2021\/09\/Sin-ti\u0301tulo-1.png\" alt=\"carousel image\" \/><\/span><\/div><\/li><\/ul><\/div><\/div>[\/vc_column][\/vc_row][vc_row css_animation=&#8221;&#8221; row_type=&#8221;row&#8221; use_row_as_full_screen_section=&#8221;no&#8221; type=&#8221;grid&#8221; angled_section=&#8221;no&#8221; text_align=&#8221;center&#8221; background_image_as_pattern=&#8221;without_pattern&#8221; padding_top=&#8221;90&#8243; padding_bottom=&#8221;60&#8243; anchor=&#8221;catalogo&#8221; z_index=&#8221;&#8221;][vc_column][vc_column_text]<\/p>\n<h3>DESCARGA NUESTRO CAT\u00c1LOGO<\/h3>\n<p>[\/vc_column_text][vc_separator type=&#8221;transparent&#8221; up=&#8221;30&#8243; down=&#8221;0&#8243;][vc_column_text]<\/p>\n<h4>Contamos con una amplia gama de opciones, marcas de prestigio y socios comerciales para dar soluci\u00f3n a sus necesidades.<\/h4>\n<p>[\/vc_column_text][\/vc_column][\/vc_row][vc_row css_animation=&#8221;&#8221; row_type=&#8221;row&#8221; use_row_as_full_screen_section=&#8221;no&#8221; type=&#8221;grid&#8221; angled_section=&#8221;no&#8221; text_align=&#8221;left&#8221; background_image_as_pattern=&#8221;without_pattern&#8221; padding_bottom=&#8221;60&#8243; z_index=&#8221;&#8221;][vc_column][vc_column_text]<\/p>\n<div id=\"dflip_post_meta_box_shortcode\" class=\"postbox \">\n<div class=\"inside\">\n<div class=\"dflip-tabs normal-tabs\">\n<div id=\"dflip-tab-content-normal\" class=\"dflip-tab-content dflip-active\"><code><div class=\"_df_book df-lite\" id=\"df_15550\"  data-title=\"catalogo-techno-supply-go\" _slug=\"catalogo-techno-supply-go\" wpoptions=\"true\" thumb=\"https:\/\/techno-supply.com.mx\/wp-content\/uploads\/2021\/09\/Grey-Promotion-Home-Decor-Instagram-Story.jpg\" thumbtype=\"bg\" ><p class=\"df-raw-loading\">Please wait while flipbook is loading. For more related info, FAQs and issues please refer to <a href=\"https:\/\/wordpress.org\/plugins\/3d-flipbook-dflip-lite\/#installation\">DearFlip WordPress Flipbook Plugin Help<\/a> documentation.<\/p><\/div><script class=\"df-shortcode-script\" type=\"application\/javascript\">window.option_df_15550 = {\"webgl\":\"true\",\"outline\":[],\"backgroundColor\":\"#ffff\",\"forceFit\":\"true\",\"autoEnableOutline\":\"false\",\"autoEnableThumbnail\":\"false\",\"overwritePDFOutline\":\"false\",\"direction\":\"1\",\"pageSize\":\"0\",\"source\":\"https:\\\/\\\/techno-supply.com.mx\\\/wp-content\\\/uploads\\\/2022\\\/04\\\/Catalogo-Seguridad-e-Higiene-Industrial-2022-Techno-Supply-GO-CFE-comprimido-1.pdf\",\"wpOptions\":\"true\"}; if(window.DFLIP && window.DFLIP.parseBooks){window.DFLIP.parseBooks();}<\/script><\/code><\/div>\n<\/div>\n<\/div>\n<\/div>\n<div id=\"submitdiv\" class=\"postbox \">\n<div class=\"postbox-header\">\n<div class=\"handle-actions hide-if-no-js\"><\/div>\n<\/div>\n<\/div>\n<p>[\/vc_column_text][vc_separator type=&#8221;transparent&#8221; up=&#8221;30&#8243; down=&#8221;0&#8243;][\/vc_column][\/vc_row][vc_row css_animation=&#8221;&#8221; row_type=&#8221;row&#8221; use_row_as_full_screen_section=&#8221;no&#8221; type=&#8221;grid&#8221; angled_section=&#8221;no&#8221; text_align=&#8221;center&#8221; background_image_as_pattern=&#8221;without_pattern&#8221; padding_top=&#8221;85&#8243; background_color=&#8221;#f9f9f9&#8243; padding_bottom=&#8221;80&#8243; anchor=&#8221;contacto&#8221; z_index=&#8221;&#8221;][vc_column][vc_column_text]<\/p>\n<h3>CONT\u00c1CTANOS<\/h3>\n<p>[\/vc_column_text][vc_separator type=&#8221;transparent&#8221; up=&#8221;24&#8243; down=&#8221;0&#8243;][vc_column_text]<\/p>\n<h4>D\u00e9janos tus datos y nos pondremos en contacto contigo.<\/h4>\n<p>[\/vc_column_text][vc_separator type=&#8221;transparent&#8221; up=&#8221;60&#8243; down=&#8221;0&#8243;][vc_row_inner row_type=&#8221;row&#8221; type=&#8221;full_width&#8221; text_align=&#8221;left&#8221; css_animation=&#8221;&#8221;][vc_column_inner width=&#8221;1\/2&#8243;][qode_elements_holder number_of_columns=&#8221;one_column&#8221;][qode_elements_holder_item advanced_animations=&#8221;yes&#8221; start_position=&#8221;bottom&#8221; end_position=&#8221;center&#8221;][vc_raw_html]JTNDaWZyYW1lJTIwc3JjJTNEJTIyaHR0cHMlM0ElMkYlMkZkb2NzLmdvb2dsZS5jb20lMkZmb3JtcyUyRmQlMkZlJTJGMUZBSXBRTFNkWTlSV3BseGtUN2U1Tl9pSWNid1ZoamlvN2lfZFN4U3lhakN0UGdjYVNGQzZTNGclMkZ2aWV3Zm9ybSUzRmVtYmVkZGVkJTNEdHJ1ZSUyMiUyMHdpZHRoJTNEJTIyNTQwJTIyJTIwaGVpZ2h0JTNEJTIyNjQ3JTIyJTIwZnJhbWVib3JkZXIlM0QlMjIwJTIyJTIwbWFyZ2luaGVpZ2h0JTNEJTIyMCUyMiUyMG1hcmdpbndpZHRoJTNEJTIyMCUyMiUzRUNhcmdhbmRvJUUyJTgwJUE2JTNDJTJGaWZyYW1lJTNF[\/vc_raw_html][\/qode_elements_holder_item][\/qode_elements_holder][vc_empty_space][\/vc_column_inner][vc_column_inner width=&#8221;1\/2&#8243;]<div class='q_icon_with_title small circle left_from_title '><div class=\"icon_text_holder\" style=\"\"><div class=\"icon_text_inner\" style=\"\"><div class=\"icon_title_holder\"><div class=\"icon_holder q_icon_animation\" style=\" \"><span data-icon-type=\"circle\"   class=\"qode_iwt_icon_holder fa-stack fa-2x  \" style=\"border-color: #ec6608;background-color: #ec6608;\"><i class=\"qode_icon_font_awesome fa fa-phone qode_iwt_icon_element\" style=\"color: #ffffff;\" ><\/i><\/span><\/div><h5 class=\"icon_title\" style=\"\">56 1999 9313 \/ 55 4813 5441<\/h5><\/div><p style=''><\/p><\/div><\/div><\/div><div class='q_icon_with_title small circle left_from_title '><div class=\"icon_text_holder\" style=\"\"><div class=\"icon_text_inner\" style=\"\"><div class=\"icon_title_holder\"><div class=\"icon_holder q_icon_animation\" style=\" \"><span data-icon-type=\"circle\"   class=\"qode_iwt_icon_holder fa-stack fa-2x  \" style=\"border-color: #ec6608;background-color: #ec6608;\"><i class=\"qode_icon_font_awesome fa fa-map-marker qode_iwt_icon_element\" style=\"color: #ffffff;\" ><\/i><\/span><\/div><h5 class=\"icon_title\" style=\"\">Fracc. Las Alamedas, Atizap\u00e1n de Zaragoza. Estado de M\u00e9xico, C.P. 52970<\/h5><\/div><p style=''><\/p><\/div><\/div><\/div>[vc_empty_space height=&#8221;16px&#8221;][vc_gmaps link=&#8221;#E-8_JTNDaWZyYW1lJTIwc3JjJTNEJTIyaHR0cHMlM0ElMkYlMkZ3d3cuZ29vZ2xlLmNvbSUyRm1hcHMlMkZlbWJlZCUzRnBiJTNEJTIxMW0xOCUyMTFtMTIlMjExbTMlMjExZDE1MDM4LjkzMzMzMTIwNzY4NyUyMTJkLTk5LjI1Njk1Nzk3MDgwNjExJTIxM2QxOS41NTMwNTg5ODkwNTQ1NSUyMTJtMyUyMTFmMCUyMTJmMCUyMTNmMCUyMTNtMiUyMTFpMTAyNCUyMTJpNzY4JTIxNGYxMy4xJTIxM20zJTIxMW0yJTIxMXMweDg1ZDIxY2VlZTFhODVhNjklMjUzQTB4N2QwMGY1ZjM0ZmY2NDZhZCUyMTJzTGFzJTI1MjBBbGFtZWRhcyUyNTJDJTI1MjBDZCUyNTIwTCUyNUMzJTI1QjNwZXolMjUyME1hdGVvcyUyNTJDJTI1MjBNJTI1QzMlMjVBOXguJTIxNWUwJTIxM20yJTIxMXNlcy00MTklMjEyc214JTIxNHYxNjQwMjg3NTE4ODQ5JTIxNW0yJTIxMXNlcy00MTklMjEyc214JTIyJTIwd2lkdGglM0QlMjI0MDAlMjIlMjBoZWlnaHQlM0QlMjI0NTAlMjIlMjBzdHlsZSUzRCUyMmJvcmRlciUzQTAlM0IlMjIlMjBhbGxvd2Z1bGxzY3JlZW4lM0QlMjIlMjIlMjBsb2FkaW5nJTNEJTIybGF6eSUyMiUzRSUzQyUyRmlmcmFtZSUzRQ==&#8221;][\/vc_column_inner][\/vc_row_inner][\/vc_column][\/vc_row]<\/p>\n","protected":false},"excerpt":{"rendered":"<p>[vc_row css_animation=&#8221;&#8221; row_type=&#8221;row&#8221; use_row_as_full_screen_section=&#8221;no&#8221; type=&#8221;grid&#8221; angled_section=&#8221;no&#8221; text_align=&#8221;left&#8221; background_image_as_pattern=&#8221;without_pattern&#8221; padding_top=&#8221;95&#8243; padding_bottom=&#8221;70&#8243; z_index=&#8221;&#8221; anchor=&#8221;nosotros&#8221;][vc_column width=&#8221;1\/2&#8243;][\/vc_column][vc_column width=&#8221;1\/2&#8243;][vc_separator type=&#8221;transparent&#8221; up=&#8221;30&#8243; down=&#8221;0&#8243;][vc_column_text] ACERCA DE NOSOTROS&#8230; [\/vc_column_text][vc_separator type=&#8221;transparent&#8221; up=&#8221;30&#8243; down=&#8221;0&#8243;][vc_column_text]Somos una empresa especializada en el suministro de Insumos y Herramientas para los diferentes Sectores: Industrial, Comercial y Residencial. Contamos con diferentes&#8230;<\/p>\n","protected":false},"author":1,"featured_media":0,"parent":0,"menu_order":0,"comment_status":"open","ping_status":"open","template":"full_width.php","meta":[],"yoast_head":"<!-- This site is optimized with the Yoast SEO plugin v18.4.1 - https:\/\/yoast.com\/wordpress\/plugins\/seo\/ -->\n<title>Inicio - Techno Supply GO!<\/title>\n<meta name=\"robots\" content=\"index, follow, max-snippet:-1, max-image-preview:large, max-video-preview:-1\" \/>\n<link rel=\"canonical\" href=\"https:\/\/techno-supply.com.mx\/\" \/>\n<meta property=\"og:locale\" content=\"es_MX\" \/>\n<meta property=\"og:type\" content=\"article\" \/>\n<meta property=\"og:title\" content=\"Inicio - Techno Supply GO!\" \/>\n<meta property=\"og:description\" content=\"[vc_row css_animation=&#8221;&#8221; row_type=&#8221;row&#8221; use_row_as_full_screen_section=&#8221;no&#8221; type=&#8221;grid&#8221; angled_section=&#8221;no&#8221; text_align=&#8221;left&#8221; background_image_as_pattern=&#8221;without_pattern&#8221; padding_top=&#8221;95&#8243; padding_bottom=&#8221;70&#8243; z_index=&#8221;&#8221; anchor=&#8221;nosotros&#8221;][vc_column width=&#8221;1\/2&#8243;][\/vc_column][vc_column width=&#8221;1\/2&#8243;][vc_separator type=&#8221;transparent&#8221; up=&#8221;30&#8243; down=&#8221;0&#8243;][vc_column_text] ACERCA DE NOSOTROS&#8230; [\/vc_column_text][vc_separator type=&#8221;transparent&#8221; up=&#8221;30&#8243; down=&#8221;0&#8243;][vc_column_text]Somos una empresa especializada en el suministro de Insumos y Herramientas para los diferentes Sectores: Industrial, Comercial y Residencial. Contamos con diferentes...\" \/>\n<meta property=\"og:url\" content=\"https:\/\/techno-supply.com.mx\/\" \/>\n<meta property=\"og:site_name\" content=\"Techno Supply GO!\" \/>\n<meta property=\"article:modified_time\" content=\"2022-04-27T18:32:32+00:00\" \/>\n<meta name=\"twitter:card\" content=\"summary_large_image\" \/>\n<meta name=\"twitter:label1\" content=\"Tiempo de lectura\" \/>\n\t<meta name=\"twitter:data1\" content=\"3 minutos\" \/>\n<script type=\"application\/ld+json\" class=\"yoast-schema-graph\">{\"@context\":\"https:\/\/schema.org\",\"@graph\":[{\"@type\":\"WebSite\",\"@id\":\"https:\/\/techno-supply.com.mx\/#website\",\"url\":\"https:\/\/techno-supply.com.mx\/\",\"name\":\"Techno Supply GO!\",\"description\":\"Insumos y Herramientas \",\"potentialAction\":[{\"@type\":\"SearchAction\",\"target\":{\"@type\":\"EntryPoint\",\"urlTemplate\":\"https:\/\/techno-supply.com.mx\/?s={search_term_string}\"},\"query-input\":\"required name=search_term_string\"}],\"inLanguage\":\"es-MX\"},{\"@type\":\"WebPage\",\"@id\":\"https:\/\/techno-supply.com.mx\/#webpage\",\"url\":\"https:\/\/techno-supply.com.mx\/\",\"name\":\"Inicio - Techno Supply GO!\",\"isPartOf\":{\"@id\":\"https:\/\/techno-supply.com.mx\/#website\"},\"datePublished\":\"2015-05-14T15:04:43+00:00\",\"dateModified\":\"2022-04-27T18:32:32+00:00\",\"breadcrumb\":{\"@id\":\"https:\/\/techno-supply.com.mx\/#breadcrumb\"},\"inLanguage\":\"es-MX\",\"potentialAction\":[{\"@type\":\"ReadAction\",\"target\":[\"https:\/\/techno-supply.com.mx\/\"]}]},{\"@type\":\"BreadcrumbList\",\"@id\":\"https:\/\/techno-supply.com.mx\/#breadcrumb\",\"itemListElement\":[{\"@type\":\"ListItem\",\"position\":1,\"name\":\"Inicio\",\"item\":\"https:\/\/techno-supply.com.mx\/\"},{\"@type\":\"ListItem\",\"position\":2,\"name\":\"Inicio\"}]}]}<\/script>\n<!-- \/ Yoast SEO plugin. -->","yoast_head_json":{"title":"Inicio - Techno Supply GO!","robots":{"index":"index","follow":"follow","max-snippet":"max-snippet:-1","max-image-preview":"max-image-preview:large","max-video-preview":"max-video-preview:-1"},"canonical":"https:\/\/techno-supply.com.mx\/","og_locale":"es_MX","og_type":"article","og_title":"Inicio - Techno Supply GO!","og_description":"[vc_row css_animation=&#8221;&#8221; row_type=&#8221;row&#8221; use_row_as_full_screen_section=&#8221;no&#8221; type=&#8221;grid&#8221; angled_section=&#8221;no&#8221; text_align=&#8221;left&#8221; background_image_as_pattern=&#8221;without_pattern&#8221; padding_top=&#8221;95&#8243; padding_bottom=&#8221;70&#8243; z_index=&#8221;&#8221; anchor=&#8221;nosotros&#8221;][vc_column width=&#8221;1\/2&#8243;][\/vc_column][vc_column width=&#8221;1\/2&#8243;][vc_separator type=&#8221;transparent&#8221; up=&#8221;30&#8243; down=&#8221;0&#8243;][vc_column_text] ACERCA DE NOSOTROS&#8230; [\/vc_column_text][vc_separator type=&#8221;transparent&#8221; up=&#8221;30&#8243; down=&#8221;0&#8243;][vc_column_text]Somos una empresa especializada en el suministro de Insumos y Herramientas para los diferentes Sectores: Industrial, Comercial y Residencial. Contamos con diferentes...","og_url":"https:\/\/techno-supply.com.mx\/","og_site_name":"Techno Supply GO!","article_modified_time":"2022-04-27T18:32:32+00:00","twitter_card":"summary_large_image","twitter_misc":{"Tiempo de lectura":"3 minutos"},"schema":{"@context":"https:\/\/schema.org","@graph":[{"@type":"WebSite","@id":"https:\/\/techno-supply.com.mx\/#website","url":"https:\/\/techno-supply.com.mx\/","name":"Techno Supply GO!","description":"Insumos y Herramientas ","potentialAction":[{"@type":"SearchAction","target":{"@type":"EntryPoint","urlTemplate":"https:\/\/techno-supply.com.mx\/?s={search_term_string}"},"query-input":"required name=search_term_string"}],"inLanguage":"es-MX"},{"@type":"WebPage","@id":"https:\/\/techno-supply.com.mx\/#webpage","url":"https:\/\/techno-supply.com.mx\/","name":"Inicio - Techno Supply GO!","isPartOf":{"@id":"https:\/\/techno-supply.com.mx\/#website"},"datePublished":"2015-05-14T15:04:43+00:00","dateModified":"2022-04-27T18:32:32+00:00","breadcrumb":{"@id":"https:\/\/techno-supply.com.mx\/#breadcrumb"},"inLanguage":"es-MX","potentialAction":[{"@type":"ReadAction","target":["https:\/\/techno-supply.com.mx\/"]}]},{"@type":"BreadcrumbList","@id":"https:\/\/techno-supply.com.mx\/#breadcrumb","itemListElement":[{"@type":"ListItem","position":1,"name":"Inicio","item":"https:\/\/techno-supply.com.mx\/"},{"@type":"ListItem","position":2,"name":"Inicio"}]}]}},"_links":{"self":[{"href":"https:\/\/techno-supply.com.mx\/index.php\/wp-json\/wp\/v2\/pages\/15250"}],"collection":[{"href":"https:\/\/techno-supply.com.mx\/index.php\/wp-json\/wp\/v2\/pages"}],"about":[{"href":"https:\/\/techno-supply.com.mx\/index.php\/wp-json\/wp\/v2\/types\/page"}],"author":[{"embeddable":true,"href":"https:\/\/techno-supply.com.mx\/index.php\/wp-json\/wp\/v2\/users\/1"}],"replies":[{"embeddable":true,"href":"https:\/\/techno-supply.com.mx\/index.php\/wp-json\/wp\/v2\/comments?post=15250"}],"version-history":[{"count":18,"href":"https:\/\/techno-supply.com.mx\/index.php\/wp-json\/wp\/v2\/pages\/15250\/revisions"}],"predecessor-version":[{"id":15555,"href":"https:\/\/techno-supply.com.mx\/index.php\/wp-json\/wp\/v2\/pages\/15250\/revisions\/15555"}],"wp:attachment":[{"href":"https:\/\/techno-supply.com.mx\/index.php\/wp-json\/wp\/v2\/media?parent=15250"}],"curies":[{"name":"wp","href":"https:\/\/api.w.org\/{rel}","templated":true}]}}